{"id":18373,"date":"2025-03-28T10:25:21","date_gmt":"2025-03-28T09:25:21","guid":{"rendered":"https:\/\/proodostraining.com\/politica-de-cookies\/"},"modified":"2026-04-20T16:56:50","modified_gmt":"2026-04-20T14:56:50","slug":"politica-de-cookies","status":"publish","type":"page","link":"https:\/\/proodostraining.com\/es\/politica-de-cookies\/","title":{"rendered":"Pol\u00edtica de cookies"},"content":{"rendered":"<p><strong>\u00bfQu\u00e9 son las cookies?<\/strong><\/p>\n<p>Una cookie es un archivo que se descarga en su ordenador al acceder a determinadas p\u00e1ginas web. Las cookies permiten a una p\u00e1gina web, entre otras cosas, almacenar y recuperar informaci\u00f3n sobre los h\u00e1bitos de navegaci\u00f3n de un usuario o de su equipo y, dependiendo de la informaci\u00f3n que contengan y de la forma en que utilice su equipo, pueden utilizarse para reconocer al usuario.<\/p>\n<p>\u00a0<\/p>\n<p><strong>\u00bfPara qu\u00e9 utiliza las cookies esta p\u00e1gina web y cu\u00e1les son?<\/strong><\/p>\n<p>Esta p\u00e1gina web utiliza las cookies para una serie de finalidades, entre las que se incluyen:<\/p>\n<p><u>An\u00e1lisis<\/u><br \/>Son aquellas cookies que, ya sean tratadas por nosotros o por terceros, nos permiten cuantificar el n\u00famero de usuarios y as\u00ed realizar la medida y an\u00e1lisis estad\u00edsticos de la utilizaci\u00f3n que hacen los usuarios del servicio. Para ello, se analiza su navegaci\u00f3n en nuestra p\u00e1gina web con la finalidad de mejorar la experiencia del usuario.<\/p>\n<p><u>T\u00e9cnicas<\/u><br \/>Son aquellas necesarias para la navegaci\u00f3n y el buen funcionamiento de nuestra p\u00e1gina web. Permiten, por ejemplo, controlar el tr\u00e1fico y la comunicaci\u00f3n de datos, acceder a partes de acceso restringido, utilizar elementos de seguridad, almacenar contenidos para poder difundir v\u00eddeos o compartir contenidos a trav\u00e9s de redes sociales.<\/p>\n<p>El detalle de las cookies utilizadas en esta p\u00e1gina web es el siguiente:<\/p>\n<table width=\"1300\">\n<tbody>\n<tr>\n<td width=\"130\">\n<p><u>Cookies<\/u><\/p>\n<\/td>\n<td width=\"138\">\n<p><u>Nombre<\/u><\/p>\n<\/td>\n<td width=\"130\">\n<p><u>Tipo<\/u><\/p>\n<\/td>\n<td width=\"258\">\n<p><u>Prop\u00f3sito<\/u><\/p>\n<\/td>\n<td width=\"644\">\n<p><u>M\u00e1s informaci\u00f3n<\/u><\/p>\n<\/td>\n<\/tr>\n<tr>\n<td width=\"130\">\n<p>_ga _gat _gid<\/p>\n<\/td>\n<td width=\"138\">\n<p>Google Analytics<\/p>\n<\/td>\n<td width=\"130\">\n<p>De terceros<\/p>\n<\/td>\n<td width=\"258\">\n<p>Recopilar informaci\u00f3n sobre la navegaci\u00f3n de los usuarios por el sitio con la finalidad de conocer el origen de las visitas y otros datos similares estad\u00edsticamente. No obtiene datos de los nombres o apellidos de los usuarios ni de la direcci\u00f3n postal concreta desde donde se conectan.<\/p>\n<\/td>\n<td width=\"644\">\n<p>Google Analytics Centro de privacidad de Google: http:\/\/www.google.com\/intl\/es\/policies\/privacy\/<\/p>\n<\/td>\n<\/tr>\n<\/tbody>\n<\/table>\n<p>Nota: Las cookies de tipo \u2018Propias\u2019 son utilizadas solo por el propietario de esta web y las cookies \u2018De terceros\u2019 son utilizadas por el prestador del servicio que est\u00e1 detallado en el cuadro anterior.<\/p>\n<p>\u00a0<\/p>\n<p><strong>\u00bfC\u00f3mo puedo desactivar o eliminar estas cookies?<\/strong><\/p>\n<p>Puede permitir, bloquear o eliminar las cookies instaladas en su equipo mediante la configuraci\u00f3n de las opciones del navegador instalado en su ordenador:<\/p>\n<p><u>Firefox<\/u><br \/><a href=\"http:\/\/support.mozilla.org\/es\/kb\/habilitar-y-deshabilitar-cookies-que-los-sitios-we\">http:\/\/support.mozilla.org\/es\/kb\/habilitar-y-deshabilitar-cookies-que-los-sitios-we<\/a><\/p>\n<p><u>Chrome<\/u><br \/><a href=\"http:\/\/support.google.com\/chrome\/bin\/answer.py?hl=es&amp;answer=95647\">http:\/\/support.google.com\/chrome\/bin\/answer.py?hl=es&amp;answer=95647<\/a><\/p>\n<p><u>Explorer<\/u><br \/><a href=\"http:\/\/windows.microsoft.com\/es-es\/windows7\/how-to-manage-cookies-in-internet-explorer-9\">http:\/\/windows.microsoft.com\/es-es\/windows7\/how-to-manage-cookies-in-internet-explorer-9<\/a><\/p>\n<p><u>Safari<\/u><br \/><a href=\"http:\/\/support.apple.com\/kb\/ph5042\">http:\/\/support.apple.com\/kb\/ph5042<\/a><\/p>\n<p><u>Opera<\/u><br \/><a href=\"http:\/\/help.opera.com\/Windows\/11.50\/es-ES\/cookies.html\">http:\/\/help.opera.com\/Windows\/11.50\/es-ES\/cookies.html<\/a><\/p>\n<p>Otros navegadores Consulte la documentaci\u00f3n del navegador que tenga instalado.<\/p>\n<p>\u00a0<\/p>\n<p><strong>Complemento de inhabilitaci\u00f3n para navegadores de Google Analytics<\/strong><\/p>\n<p>Si desea rechazar las cookies anal\u00edticas de Google Analytics en todos los navegadores, de manera que no nos env\u00ede su informaci\u00f3n a Google Analytics, puede descargar un complemento que realiza esta funci\u00f3n desde este enlace: <a href=\"https:\/\/tools.google.com\/dlpage\/gaoptout\">https:\/\/tools.google.com\/dlpage\/gaoptout<\/a>.<\/p>\n","protected":false},"excerpt":{"rendered":"<p>\u00bfQu\u00e9 son las cookies? Una cookie es un archivo que se descarga en su ordenador al acceder a determinadas p\u00e1ginas web. Las cookies permiten a una p\u00e1gina web, entre otras&hellip;<\/p>\n","protected":false},"author":7,"featured_media":0,"parent":0,"menu_order":0,"comment_status":"closed","ping_status":"closed","template":"","meta":{"footnotes":"","_links_to":"","_links_to_target":""},"class_list":["post-18373","page","type-page","status-publish","hentry"],"yoast_head":"<!-- This site is optimized with the Yoast SEO plugin v27.3 - https:\/\/yoast.com\/product\/yoast-seo-wordpress\/ -->\n<title>Pol\u00edtica de cookies - Proodos training<\/title>\n<meta name=\"robots\" content=\"index, follow, max-snippet:-1, max-image-preview:large, max-video-preview:-1\" \/>\n<link rel=\"canonical\" href=\"https:\/\/proodostraining.com\/es\/politica-de-cookies\/\" \/>\n<meta property=\"og:locale\" content=\"es_ES\" \/>\n<meta property=\"og:type\" content=\"article\" \/>\n<meta property=\"og:title\" content=\"Pol\u00edtica de cookies - Proodos training\" \/>\n<meta property=\"og:description\" content=\"\u00bfQu\u00e9 son las cookies? Una cookie es un archivo que se descarga en su ordenador al acceder a determinadas p\u00e1ginas web. Las cookies permiten a una p\u00e1gina web, entre otras&hellip;\" \/>\n<meta property=\"og:url\" content=\"https:\/\/proodostraining.com\/es\/politica-de-cookies\/\" \/>\n<meta property=\"og:site_name\" content=\"Proodos training\" \/>\n<meta property=\"article:modified_time\" content=\"2026-04-20T14:56:50+00:00\" \/>\n<meta name=\"twitter:card\" content=\"summary_large_image\" \/>\n<meta name=\"twitter:label1\" content=\"Tiempo de lectura\" \/>\n\t<meta name=\"twitter:data1\" content=\"2 minutos\" \/>\n<script type=\"application\/ld+json\" class=\"yoast-schema-graph\">{\"@context\":\"https:\\\/\\\/schema.org\",\"@graph\":[{\"@type\":\"WebPage\",\"@id\":\"https:\\\/\\\/proodostraining.com\\\/es\\\/politica-de-cookies\\\/\",\"url\":\"https:\\\/\\\/proodostraining.com\\\/es\\\/politica-de-cookies\\\/\",\"name\":\"Pol\u00edtica de cookies - Proodos training\",\"isPartOf\":{\"@id\":\"https:\\\/\\\/proodostraining.com\\\/es\\\/#website\"},\"datePublished\":\"2025-03-28T09:25:21+00:00\",\"dateModified\":\"2026-04-20T14:56:50+00:00\",\"breadcrumb\":{\"@id\":\"https:\\\/\\\/proodostraining.com\\\/es\\\/politica-de-cookies\\\/#breadcrumb\"},\"inLanguage\":\"es\",\"potentialAction\":[{\"@type\":\"ReadAction\",\"target\":[\"https:\\\/\\\/proodostraining.com\\\/es\\\/politica-de-cookies\\\/\"]}]},{\"@type\":\"BreadcrumbList\",\"@id\":\"https:\\\/\\\/proodostraining.com\\\/es\\\/politica-de-cookies\\\/#breadcrumb\",\"itemListElement\":[{\"@type\":\"ListItem\",\"position\":1,\"name\":\"Portada\",\"item\":\"https:\\\/\\\/proodostraining.com\\\/es\\\/\"},{\"@type\":\"ListItem\",\"position\":2,\"name\":\"Pol\u00edtica de cookies\"}]},{\"@type\":\"WebSite\",\"@id\":\"https:\\\/\\\/proodostraining.com\\\/es\\\/#website\",\"url\":\"https:\\\/\\\/proodostraining.com\\\/es\\\/\",\"name\":\"Proodos training\",\"description\":\"Centre d\u2019entrenament i salut integral\",\"publisher\":{\"@id\":\"https:\\\/\\\/proodostraining.com\\\/es\\\/#organization\"},\"potentialAction\":[{\"@type\":\"SearchAction\",\"target\":{\"@type\":\"EntryPoint\",\"urlTemplate\":\"https:\\\/\\\/proodostraining.com\\\/es\\\/?s={search_term_string}\"},\"query-input\":{\"@type\":\"PropertyValueSpecification\",\"valueRequired\":true,\"valueName\":\"search_term_string\"}}],\"inLanguage\":\"es\"},{\"@type\":\"Organization\",\"@id\":\"https:\\\/\\\/proodostraining.com\\\/es\\\/#organization\",\"name\":\"Proodos training\",\"url\":\"https:\\\/\\\/proodostraining.com\\\/es\\\/\",\"logo\":{\"@type\":\"ImageObject\",\"inLanguage\":\"es\",\"@id\":\"https:\\\/\\\/proodostraining.com\\\/es\\\/#\\\/schema\\\/logo\\\/image\\\/\",\"url\":\"https:\\\/\\\/proodostraining.com\\\/wp-content\\\/uploads\\\/2020\\\/12\\\/Prodoos_Sense_Fons-2.png\",\"contentUrl\":\"https:\\\/\\\/proodostraining.com\\\/wp-content\\\/uploads\\\/2020\\\/12\\\/Prodoos_Sense_Fons-2.png\",\"width\":1081,\"height\":1081,\"caption\":\"Proodos training\"},\"image\":{\"@id\":\"https:\\\/\\\/proodostraining.com\\\/es\\\/#\\\/schema\\\/logo\\\/image\\\/\"}}]}<\/script>\n<!-- \/ Yoast SEO plugin. -->","yoast_head_json":{"title":"Pol\u00edtica de cookies - Proodos training","robots":{"index":"index","follow":"follow","max-snippet":"max-snippet:-1","max-image-preview":"max-image-preview:large","max-video-preview":"max-video-preview:-1"},"canonical":"https:\/\/proodostraining.com\/es\/politica-de-cookies\/","og_locale":"es_ES","og_type":"article","og_title":"Pol\u00edtica de cookies - Proodos training","og_description":"\u00bfQu\u00e9 son las cookies? Una cookie es un archivo que se descarga en su ordenador al acceder a determinadas p\u00e1ginas web. Las cookies permiten a una p\u00e1gina web, entre otras&hellip;","og_url":"https:\/\/proodostraining.com\/es\/politica-de-cookies\/","og_site_name":"Proodos training","article_modified_time":"2026-04-20T14:56:50+00:00","twitter_card":"summary_large_image","twitter_misc":{"Tiempo de lectura":"2 minutos"},"schema":{"@context":"https:\/\/schema.org","@graph":[{"@type":"WebPage","@id":"https:\/\/proodostraining.com\/es\/politica-de-cookies\/","url":"https:\/\/proodostraining.com\/es\/politica-de-cookies\/","name":"Pol\u00edtica de cookies - Proodos training","isPartOf":{"@id":"https:\/\/proodostraining.com\/es\/#website"},"datePublished":"2025-03-28T09:25:21+00:00","dateModified":"2026-04-20T14:56:50+00:00","breadcrumb":{"@id":"https:\/\/proodostraining.com\/es\/politica-de-cookies\/#breadcrumb"},"inLanguage":"es","potentialAction":[{"@type":"ReadAction","target":["https:\/\/proodostraining.com\/es\/politica-de-cookies\/"]}]},{"@type":"BreadcrumbList","@id":"https:\/\/proodostraining.com\/es\/politica-de-cookies\/#breadcrumb","itemListElement":[{"@type":"ListItem","position":1,"name":"Portada","item":"https:\/\/proodostraining.com\/es\/"},{"@type":"ListItem","position":2,"name":"Pol\u00edtica de cookies"}]},{"@type":"WebSite","@id":"https:\/\/proodostraining.com\/es\/#website","url":"https:\/\/proodostraining.com\/es\/","name":"Proodos training","description":"Centre d\u2019entrenament i salut integral","publisher":{"@id":"https:\/\/proodostraining.com\/es\/#organization"},"potentialAction":[{"@type":"SearchAction","target":{"@type":"EntryPoint","urlTemplate":"https:\/\/proodostraining.com\/es\/?s={search_term_string}"},"query-input":{"@type":"PropertyValueSpecification","valueRequired":true,"valueName":"search_term_string"}}],"inLanguage":"es"},{"@type":"Organization","@id":"https:\/\/proodostraining.com\/es\/#organization","name":"Proodos training","url":"https:\/\/proodostraining.com\/es\/","logo":{"@type":"ImageObject","inLanguage":"es","@id":"https:\/\/proodostraining.com\/es\/#\/schema\/logo\/image\/","url":"https:\/\/proodostraining.com\/wp-content\/uploads\/2020\/12\/Prodoos_Sense_Fons-2.png","contentUrl":"https:\/\/proodostraining.com\/wp-content\/uploads\/2020\/12\/Prodoos_Sense_Fons-2.png","width":1081,"height":1081,"caption":"Proodos training"},"image":{"@id":"https:\/\/proodostraining.com\/es\/#\/schema\/logo\/image\/"}}]}},"_links":{"self":[{"href":"https:\/\/proodostraining.com\/es\/wp-json\/wp\/v2\/pages\/18373","targetHints":{"allow":["GET"]}}],"collection":[{"href":"https:\/\/proodostraining.com\/es\/wp-json\/wp\/v2\/pages"}],"about":[{"href":"https:\/\/proodostraining.com\/es\/wp-json\/wp\/v2\/types\/page"}],"author":[{"embeddable":true,"href":"https:\/\/proodostraining.com\/es\/wp-json\/wp\/v2\/users\/7"}],"replies":[{"embeddable":true,"href":"https:\/\/proodostraining.com\/es\/wp-json\/wp\/v2\/comments?post=18373"}],"version-history":[{"count":3,"href":"https:\/\/proodostraining.com\/es\/wp-json\/wp\/v2\/pages\/18373\/revisions"}],"predecessor-version":[{"id":18376,"href":"https:\/\/proodostraining.com\/es\/wp-json\/wp\/v2\/pages\/18373\/revisions\/18376"}],"wp:attachment":[{"href":"https:\/\/proodostraining.com\/es\/wp-json\/wp\/v2\/media?parent=18373"}],"curies":[{"name":"wp","href":"https:\/\/api.w.org\/{rel}","templated":true}]}}