{"id":18364,"date":"2025-03-28T10:29:43","date_gmt":"2025-03-28T09:29:43","guid":{"rendered":"https:\/\/proodostraining.com\/declaracio-daccessibilitat\/"},"modified":"2026-04-20T16:56:23","modified_gmt":"2026-04-20T14:56:23","slug":"declaracion-de-accesibilidad","status":"publish","type":"page","link":"https:\/\/proodostraining.com\/es\/declaracion-de-accesibilidad\/","title":{"rendered":"Declaraci\u00f3n de accesibilidad"},"content":{"rendered":"<p><strong>Proodos Training <\/strong>se compromete a hacer accesible su sitio web de acuerdo con el Real decreto 1112\/2018, sobre accesibilidad de los sitios web y aplicaciones para dispositivos m\u00f3viles del sector p\u00fablico.<\/p>\n<p>Esta declaraci\u00f3n de accesibilidad se aplica al sitio web proodostraining.com<\/p>\n<p><strong>SITUACI\u00d3N DE CUMPLIMIENTO<\/strong><\/p>\n<p>Este sitio web es parcialmente conforme con el RD 1112\/2018 debido a la falta de conformidad de los aspectos que se indican a continuaci\u00f3n.<\/p>\n<p><strong>Falta de conformidad con el RD 1112\/2018<\/strong><\/p>\n<p>Se pueden encontrar im\u00e1genes sin acompa\u00f1arlas de texto explicativo. A\u00fan se pueden encontrar anidamientos incorrectos de etiquetas HTML.<\/p>\n<p><strong>Carga desproporcionada<\/strong><\/p>\n<p>No se aplica.<\/p>\n<p><strong>El contenido no entra dentro del \u00e1mbito de la legislaci\u00f3n aplicable.<\/strong><\/p>\n<p>Podr\u00edan existir archivos ofim\u00e1ticos en PDF u otros formatos publicados despu\u00e9s del 26 d\u2019abril de 2025 que no cumplan totalmente con todos los requisitos de accesibilidad. Aunque a la fecha de la declaraci\u00f3n no hay ning\u00fan archivo presente en el sitio web.<\/p>\n<p><strong>Preparaci\u00f3n para la siguiente declaraci\u00f3n de accesibilidad<\/strong><\/p>\n<p>La presente declaraci\u00f3n fue preparada el 26 d\u2019abril de 2025.<\/p>\n<p>El m\u00e9todo empleado para preparar la declaraci\u00f3n ha sido una autoevaluaci\u00f3n realizada por el equipo de accesibilidad.<\/p>\n<p>\u00daltima revisi\u00f3n de la declaraci\u00f3n: 26 d\u2019abril de 2025.<\/p>\n<p><strong>Observaciones y datos de contacto<\/strong><\/p>\n<p>Puede realizar comunicaciones sobre requisitos de accesibilidad (art\u00edculo 10.2.a) del RD 1112\/2018) como:<\/p>\n<p>Informar sobre cualquier posible incumplimiento por parte de este sitio web. Hay que transmitir otras dificultades de acceso al contenido. Formular cualquier otra consulta o sugerencia de mejora relativa a la accesibilidad del sitio web. A trav\u00e9s de nuestro buz\u00f3n de sugerencias <a href=\"mailto:ceps@cepssalut.org\">info@proodostraining.com <\/a><\/p>\n<p>Las comunicaciones ser\u00e1n recibidas y tratadas por el equipo de Accesibilidad.<\/p>\n<p><strong>Contenido opcional<\/strong><\/p>\n<p>Entre otras medidas, se adopta la implementaci\u00f3n del plugin One Click Accessibility, con las siguientes utilidades para facilitar la accesibilidad:<\/p>\n<p><strong>Aumentar texto<\/strong>: Proporcionar una opci\u00f3n para que los usuarios puedan aumentar el tama\u00f1o del texto para que sea m\u00e1s legible.<\/p>\n<p><strong>Disminuir texto<\/strong>: Ofrece la posibilidad de reducir el tama\u00f1o del texto para aquellos usuarios que prefieran un tama\u00f1o m\u00e1s peque\u00f1o.<\/p>\n<p><strong>Escala de grises<\/strong>: Permitir que los usuarios cambien el dise\u00f1o de color de su sitio web a una escala de grises, lo que puede facilitar la lectura para algunas personas con discapacidades visuales.<\/p>\n<p><strong>Alto contraste<\/strong>: Proporcionar una opci\u00f3n para aumentar el contraste entre el texto y el fondo, lo que mejora la legibilidad para personas con dificultades visuales.<\/p>\n<p><strong>Contraste negativo<\/strong>: Permitir que los usuarios cambien los colores de fondo y texto a inversos, es decir, texto claro sobre fondo oscuro, lo que puede ser \u00fatil para personas con sensibilidad a la luz o visi\u00f3n reducida.<\/p>\n<p><strong>Fondo claro<\/strong>: Proporcionar una opci\u00f3n para cambiar el color de fondo a uno claro, lo que puede ser preferible para algunos usuarios con dificultades visuales.<\/p>\n<p><strong>Subrayar enlaces<\/strong>: Subrayar los enlaces para que sean m\u00e1s f\u00e1cilmente diferenciables del texto normal, ayudando a usuarios con discapacidades visuales o dificultades de percepci\u00f3n.<\/p>\n<p><strong>Tipograf\u00eda legible<\/strong>: Utilizar tipograf\u00edas claras y legibles, preferiblemente con un tama\u00f1o adecuado, para facilitar la lectura de todo el contenido.<\/p>\n","protected":false},"excerpt":{"rendered":"<p>Proodos Training se compromete a hacer accesible su sitio web de acuerdo con el Real decreto 1112\/2018, sobre accesibilidad de los sitios web y aplicaciones para dispositivos m\u00f3viles del sector&hellip;<\/p>\n","protected":false},"author":7,"featured_media":0,"parent":0,"menu_order":0,"comment_status":"closed","ping_status":"closed","template":"","meta":{"footnotes":"","_links_to":"","_links_to_target":""},"class_list":["post-18364","page","type-page","status-publish","hentry"],"yoast_head":"<!-- This site is optimized with the Yoast SEO plugin v27.3 - https:\/\/yoast.com\/product\/yoast-seo-wordpress\/ -->\n<title>Declaraci\u00f3n de accesibilidad - Proodos training<\/title>\n<meta name=\"robots\" content=\"index, follow, max-snippet:-1, max-image-preview:large, max-video-preview:-1\" \/>\n<link rel=\"canonical\" href=\"https:\/\/proodostraining.com\/es\/declaracion-de-accesibilidad\/\" \/>\n<meta property=\"og:locale\" content=\"es_ES\" \/>\n<meta property=\"og:type\" content=\"article\" \/>\n<meta property=\"og:title\" content=\"Declaraci\u00f3n de accesibilidad - Proodos training\" \/>\n<meta property=\"og:description\" content=\"Proodos Training se compromete a hacer accesible su sitio web de acuerdo con el Real decreto 1112\/2018, sobre accesibilidad de los sitios web y aplicaciones para dispositivos m\u00f3viles del sector&hellip;\" \/>\n<meta property=\"og:url\" content=\"https:\/\/proodostraining.com\/es\/declaracion-de-accesibilidad\/\" \/>\n<meta property=\"og:site_name\" content=\"Proodos training\" \/>\n<meta property=\"article:modified_time\" content=\"2026-04-20T14:56:23+00:00\" \/>\n<meta name=\"twitter:card\" content=\"summary_large_image\" \/>\n<meta name=\"twitter:label1\" content=\"Tiempo de lectura\" \/>\n\t<meta name=\"twitter:data1\" content=\"3 minutos\" \/>\n<script type=\"application\/ld+json\" class=\"yoast-schema-graph\">{\"@context\":\"https:\\\/\\\/schema.org\",\"@graph\":[{\"@type\":\"WebPage\",\"@id\":\"https:\\\/\\\/proodostraining.com\\\/es\\\/declaracion-de-accesibilidad\\\/\",\"url\":\"https:\\\/\\\/proodostraining.com\\\/es\\\/declaracion-de-accesibilidad\\\/\",\"name\":\"Declaraci\u00f3n de accesibilidad - Proodos training\",\"isPartOf\":{\"@id\":\"https:\\\/\\\/proodostraining.com\\\/es\\\/#website\"},\"datePublished\":\"2025-03-28T09:29:43+00:00\",\"dateModified\":\"2026-04-20T14:56:23+00:00\",\"breadcrumb\":{\"@id\":\"https:\\\/\\\/proodostraining.com\\\/es\\\/declaracion-de-accesibilidad\\\/#breadcrumb\"},\"inLanguage\":\"es\",\"potentialAction\":[{\"@type\":\"ReadAction\",\"target\":[\"https:\\\/\\\/proodostraining.com\\\/es\\\/declaracion-de-accesibilidad\\\/\"]}]},{\"@type\":\"BreadcrumbList\",\"@id\":\"https:\\\/\\\/proodostraining.com\\\/es\\\/declaracion-de-accesibilidad\\\/#breadcrumb\",\"itemListElement\":[{\"@type\":\"ListItem\",\"position\":1,\"name\":\"Portada\",\"item\":\"https:\\\/\\\/proodostraining.com\\\/es\\\/\"},{\"@type\":\"ListItem\",\"position\":2,\"name\":\"Declaraci\u00f3n de accesibilidad\"}]},{\"@type\":\"WebSite\",\"@id\":\"https:\\\/\\\/proodostraining.com\\\/es\\\/#website\",\"url\":\"https:\\\/\\\/proodostraining.com\\\/es\\\/\",\"name\":\"Proodos training\",\"description\":\"Centre d\u2019entrenament i salut integral\",\"publisher\":{\"@id\":\"https:\\\/\\\/proodostraining.com\\\/es\\\/#organization\"},\"potentialAction\":[{\"@type\":\"SearchAction\",\"target\":{\"@type\":\"EntryPoint\",\"urlTemplate\":\"https:\\\/\\\/proodostraining.com\\\/es\\\/?s={search_term_string}\"},\"query-input\":{\"@type\":\"PropertyValueSpecification\",\"valueRequired\":true,\"valueName\":\"search_term_string\"}}],\"inLanguage\":\"es\"},{\"@type\":\"Organization\",\"@id\":\"https:\\\/\\\/proodostraining.com\\\/es\\\/#organization\",\"name\":\"Proodos training\",\"url\":\"https:\\\/\\\/proodostraining.com\\\/es\\\/\",\"logo\":{\"@type\":\"ImageObject\",\"inLanguage\":\"es\",\"@id\":\"https:\\\/\\\/proodostraining.com\\\/es\\\/#\\\/schema\\\/logo\\\/image\\\/\",\"url\":\"https:\\\/\\\/proodostraining.com\\\/wp-content\\\/uploads\\\/2020\\\/12\\\/Prodoos_Sense_Fons-2.png\",\"contentUrl\":\"https:\\\/\\\/proodostraining.com\\\/wp-content\\\/uploads\\\/2020\\\/12\\\/Prodoos_Sense_Fons-2.png\",\"width\":1081,\"height\":1081,\"caption\":\"Proodos training\"},\"image\":{\"@id\":\"https:\\\/\\\/proodostraining.com\\\/es\\\/#\\\/schema\\\/logo\\\/image\\\/\"}}]}<\/script>\n<!-- \/ Yoast SEO plugin. -->","yoast_head_json":{"title":"Declaraci\u00f3n de accesibilidad - Proodos training","robots":{"index":"index","follow":"follow","max-snippet":"max-snippet:-1","max-image-preview":"max-image-preview:large","max-video-preview":"max-video-preview:-1"},"canonical":"https:\/\/proodostraining.com\/es\/declaracion-de-accesibilidad\/","og_locale":"es_ES","og_type":"article","og_title":"Declaraci\u00f3n de accesibilidad - Proodos training","og_description":"Proodos Training se compromete a hacer accesible su sitio web de acuerdo con el Real decreto 1112\/2018, sobre accesibilidad de los sitios web y aplicaciones para dispositivos m\u00f3viles del sector&hellip;","og_url":"https:\/\/proodostraining.com\/es\/declaracion-de-accesibilidad\/","og_site_name":"Proodos training","article_modified_time":"2026-04-20T14:56:23+00:00","twitter_card":"summary_large_image","twitter_misc":{"Tiempo de lectura":"3 minutos"},"schema":{"@context":"https:\/\/schema.org","@graph":[{"@type":"WebPage","@id":"https:\/\/proodostraining.com\/es\/declaracion-de-accesibilidad\/","url":"https:\/\/proodostraining.com\/es\/declaracion-de-accesibilidad\/","name":"Declaraci\u00f3n de accesibilidad - Proodos training","isPartOf":{"@id":"https:\/\/proodostraining.com\/es\/#website"},"datePublished":"2025-03-28T09:29:43+00:00","dateModified":"2026-04-20T14:56:23+00:00","breadcrumb":{"@id":"https:\/\/proodostraining.com\/es\/declaracion-de-accesibilidad\/#breadcrumb"},"inLanguage":"es","potentialAction":[{"@type":"ReadAction","target":["https:\/\/proodostraining.com\/es\/declaracion-de-accesibilidad\/"]}]},{"@type":"BreadcrumbList","@id":"https:\/\/proodostraining.com\/es\/declaracion-de-accesibilidad\/#breadcrumb","itemListElement":[{"@type":"ListItem","position":1,"name":"Portada","item":"https:\/\/proodostraining.com\/es\/"},{"@type":"ListItem","position":2,"name":"Declaraci\u00f3n de accesibilidad"}]},{"@type":"WebSite","@id":"https:\/\/proodostraining.com\/es\/#website","url":"https:\/\/proodostraining.com\/es\/","name":"Proodos training","description":"Centre d\u2019entrenament i salut integral","publisher":{"@id":"https:\/\/proodostraining.com\/es\/#organization"},"potentialAction":[{"@type":"SearchAction","target":{"@type":"EntryPoint","urlTemplate":"https:\/\/proodostraining.com\/es\/?s={search_term_string}"},"query-input":{"@type":"PropertyValueSpecification","valueRequired":true,"valueName":"search_term_string"}}],"inLanguage":"es"},{"@type":"Organization","@id":"https:\/\/proodostraining.com\/es\/#organization","name":"Proodos training","url":"https:\/\/proodostraining.com\/es\/","logo":{"@type":"ImageObject","inLanguage":"es","@id":"https:\/\/proodostraining.com\/es\/#\/schema\/logo\/image\/","url":"https:\/\/proodostraining.com\/wp-content\/uploads\/2020\/12\/Prodoos_Sense_Fons-2.png","contentUrl":"https:\/\/proodostraining.com\/wp-content\/uploads\/2020\/12\/Prodoos_Sense_Fons-2.png","width":1081,"height":1081,"caption":"Proodos training"},"image":{"@id":"https:\/\/proodostraining.com\/es\/#\/schema\/logo\/image\/"}}]}},"_links":{"self":[{"href":"https:\/\/proodostraining.com\/es\/wp-json\/wp\/v2\/pages\/18364","targetHints":{"allow":["GET"]}}],"collection":[{"href":"https:\/\/proodostraining.com\/es\/wp-json\/wp\/v2\/pages"}],"about":[{"href":"https:\/\/proodostraining.com\/es\/wp-json\/wp\/v2\/types\/page"}],"author":[{"embeddable":true,"href":"https:\/\/proodostraining.com\/es\/wp-json\/wp\/v2\/users\/7"}],"replies":[{"embeddable":true,"href":"https:\/\/proodostraining.com\/es\/wp-json\/wp\/v2\/comments?post=18364"}],"version-history":[{"count":5,"href":"https:\/\/proodostraining.com\/es\/wp-json\/wp\/v2\/pages\/18364\/revisions"}],"predecessor-version":[{"id":18372,"href":"https:\/\/proodostraining.com\/es\/wp-json\/wp\/v2\/pages\/18364\/revisions\/18372"}],"wp:attachment":[{"href":"https:\/\/proodostraining.com\/es\/wp-json\/wp\/v2\/media?parent=18364"}],"curies":[{"name":"wp","href":"https:\/\/api.w.org\/{rel}","templated":true}]}}