{"id":18355,"date":"2025-04-30T12:52:21","date_gmt":"2025-04-30T10:52:21","guid":{"rendered":"https:\/\/proodostraining.com\/avis-legal\/"},"modified":"2026-04-20T16:55:59","modified_gmt":"2026-04-20T14:55:59","slug":"aviso-legal","status":"publish","type":"page","link":"https:\/\/proodostraining.com\/es\/aviso-legal\/","title":{"rendered":"Aviso legal"},"content":{"rendered":"<p>Este Aviso legal (en adelante, \u201cel Aviso legal\u201d), junto con la Pol\u00edtica de privacidad y cookies, rige el acceso y la utilizaci\u00f3n de este sitio web <a href=\"https:\/\/proodostraining.com\/es\/\">https:\/\/proodostraining.com<\/a> (en adelante, \u201cel Sitio web\u201d).\u202f<\/p>\n<p>El simple acceso al Sitio web atribuye a quien lo realice la condici\u00f3n de Usuario del Sitio web (en adelante, \u201cel Usuario\u201d) e implica la aceptaci\u00f3n \u00edntegra de este Aviso legal. En caso de no estar de acuerdo con este Aviso legal, el Usuario debe abandonar inmediatamente el Sitio web sin utilizarlo.\u202f<\/p>\n<p>Mediante la aceptaci\u00f3n de este Aviso legal, el Usuario manifiesta:\u202f<\/p>\n<p>Que ha le\u00eddo, entiende y comprende lo aqu\u00ed expuesto.\u202f<\/p>\n<p>Que asume todas las obligaciones aqu\u00ed dispuestas.\u202f<\/p>\n<p>Informaci\u00f3n general del Sitio web\u202f<\/p>\n<p>En cumplimiento de lo establecido por el art\u00edculo 10 de la Ley 34\/2002, de 11 de julio, de servicios de la sociedad de la informaci\u00f3n y de comercio electr\u00f3nico, a continuaci\u00f3n se ofrece la informaci\u00f3n general del Sitio web:\u202f<\/p>\n<p><strong>Titular:<\/strong>&nbsp;UNLIMITED&nbsp;MEDITERRANEAN&nbsp;SPORTS, S.L. (en adelante referido por su nombre comercial, \u201cPROODOS&nbsp;TRAINING&nbsp;CENTER\u201d).<\/p>\n<p><strong>Sede y establecimiento: <\/strong>Ronda de Ponent 116, Sabadell, Barcelona. 08201.&nbsp;<\/p>\n<p><strong>N.I.F.: <\/strong>B-75497727<\/p>\n<p><strong>E-mail:<\/strong><a href=\"mailto:info@proodostraining.com\"> info@proodostraining.com<\/a><\/p>\n<p><strong>Datos registrales:<\/strong> Inscrita en el Registro Mercantil de Barcelona, Secci\u00f3n 8\u00aa, Folio H B 624822, I\/A a 20 de noviembre de 2024.<\/p>\n<p><strong>Normas de utilizaci\u00f3n del Sitio web\u202f<\/strong><\/p>\n<p>El Usuario se obliga a utilizar el Sitio web y todo su contenido y servicios conforme a lo que se establece en la ley y en este Aviso legal. Asimismo, se obliga a hacer un uso adecuado de los servicios y\/o contenidos del Sitio web y a no emplearlos para realizar actividades il\u00edcitas o constitutivas de delito, que atenten contra los derechos de terceros o que infrinjan cualquier norma del ordenamiento jur\u00eddico aplicable.\u202f<\/p>\n<p>El Usuario se obliga a no transmitir, introducir, difundir y\/o poner a disposici\u00f3n de terceros cualquier tipo de material e informaci\u00f3n (datos, contenidos, mensajes, dibujos, archivos de sonido e imagen, fotograf\u00edas, software, etc.) que sean contrarios a la ley y a este Aviso legal. A t\u00edtulo enunciativo, y en ning\u00fan caso limitativo o excluyente, el Usuario se compromete a:\u202f<\/p>\n<p>I.- No introducir o difundir contenidos o propaganda de car\u00e1cter racista, xen\u00f3fobo, pornogr\u00e1fico, de apolog\u00eda del terrorismo o que atenten contra los derechos humanos.\u202f<\/p>\n<p>II.- No introducir o difundir en la red programas de datos (virus y software nocivo) susceptibles de provocar da\u00f1os en los sistemas inform\u00e1ticos del proveedor de acceso, sus proveedores o terceros Usuarios de la red Internet.\u202f<\/p>\n<p>III.- No difundir, transmitir o poner a disposici\u00f3n de terceros cualquier tipo de informaci\u00f3n, elemento o contenido que atente contra los derechos fundamentales y las libertades p\u00fablicas reconocidos constitucionalmente y en los tratados internacionales.\u202f<\/p>\n<p>IV.- No difundir, transmitir o poner a disposici\u00f3n de terceros cualquier tipo de informaci\u00f3n, elemento o contenido que constituya publicidad il\u00edcita o desleal.\u202f<\/p>\n<p>V.- No transmitir publicidad no solicitada o autorizada, material publicitario, \u201ccorreo basura\u201d, \u201ccadenas de mensajes\u201d, \u201cestructuras piramidales\u201d, o cualquier otra forma de comunicaci\u00f3n comercial, excepto en aquellas \u00e1reas que hayan sido exclusivamente concebidas para ello.\u202f<\/p>\n<p>VI.- No introducir o difundir cualquier informaci\u00f3n y contenidos falsos, ambiguos o inexactos de manera que induzca a error a los receptores de la informaci\u00f3n.<\/p>\n<p>VII.- No suplantar a otros Usuarios utilizando sus claves de registro para acceder a los diferentes servicios y\/o contenidos del Sitio web que lo requieran.<\/p>\n<p>VIII.- No difundir, transmitir o poner a disposici\u00f3n de terceros cualquier tipo de informaci\u00f3n, elemento o contenido que suponga una violaci\u00f3n de los derechos de propiedad intelectual e industrial, patentes, marcas o copyright que correspondan a los titulares del Sitio web o a terceros.\u202f<\/p>\n<p>IX.- No difundir, transmitir o poner a disposici\u00f3n de terceros cualquier tipo de informaci\u00f3n, elemento o contenido que suponga una violaci\u00f3n del secreto de las comunicaciones y la legislaci\u00f3n de datos de car\u00e1cter personal.\u202f<\/p>\n<p>El Usuario se obliga a mantener completamente indemne a&nbsp;PROODOS&nbsp;TRAINING&nbsp;CENTER&nbsp;ante cualquier posible reclamaci\u00f3n, multa, pena o sanci\u00f3n que pueda venir obligada a soportar como consecuencia del incumplimiento por parte del Usuario de cualquiera de las normas de utilizaci\u00f3n antes indicadas, reserv\u00e1ndose&nbsp;PROODOS&nbsp;TRAINING&nbsp;CENTER, adem\u00e1s, el derecho a solicitar la indemnizaci\u00f3n por da\u00f1os y perjuicios que corresponda.\u202f<\/p>\n<p><strong>Exclusi\u00f3n de responsabilidad\u202f<\/strong><\/p>\n<p>El acceso del Usuario al Sitio web no implica para&nbsp;PROODOS&nbsp;TRAINING&nbsp;CENTER&nbsp;la obligaci\u00f3n de controlar la ausencia de virus,&nbsp;malware&nbsp;(gusanos inform\u00e1ticos) o cualquier otro elemento inform\u00e1tico nocivo. Corresponde al Usuario, en todo caso, la disponibilidad de herramientas adecuadas para la detecci\u00f3n y desinfecci\u00f3n de programas inform\u00e1ticos nocivos.\u202f<\/p>\n<p>PROODOS&nbsp;TRAINING&nbsp;CENTER&nbsp;no se responsabiliza de los da\u00f1os producidos en el software y\/o equipos inform\u00e1ticos del Usuario o de terceros durante la utilizaci\u00f3n de los servicios ofrecidos en el Sitio web o la navegaci\u00f3n por este.<\/p>\n<p>PROODOS&nbsp;TRAINING&nbsp;CENTER&nbsp;no se responsabiliza de los da\u00f1os o perjuicios de cualquier tipo producidos en el Usuario que tengan causa de fallos o desconexiones en las redes de telecomunicaciones que produzcan la suspensi\u00f3n, cancelaci\u00f3n o interrupci\u00f3n del servicio del Sitio web durante la prestaci\u00f3n del mismo o con car\u00e1cter previo.\u202f<\/p>\n<p>Contenidos y servicios enlazados a trav\u00e9s del Sitio web\u202f<\/p>\n<p>El Sitio web puede contener dispositivos t\u00e9cnicos de enlace, directorios e incluso instrumentos de b\u00fasqueda que permitan al Usuario acceder a otras p\u00e1ginas y portales de Internet (en adelante, \u201cSitios Enlazados\u201d). En estos casos,&nbsp;PROODOS&nbsp;TRAINING&nbsp;CENTER&nbsp;solo ser\u00e1 responsable de los contenidos y servicios suministrados en los Sitios Enlazados en la medida en que tenga conocimiento efectivo de su ilicitud y no haya desactivado el enlace con la diligencia debida. En el caso de que el Usuario considere que existe un Sitio Enlazado con contenidos il\u00edcitos o inadecuados deber\u00e1 comunicarlo a&nbsp;PROODOS&nbsp;TRAINING&nbsp;CENTER, que proceder\u00e1 seg\u00fan estime conveniente, incluso la retirada del enlace. \u202f<\/p>\n<p>En ning\u00fan caso la existencia de Sitios Enlazados debe presuponer la formalizaci\u00f3n de acuerdos entre&nbsp;PROODOS&nbsp;TRAINING&nbsp;CENTER&nbsp;y los responsables o titulares de estos, ni la recomendaci\u00f3n, promoci\u00f3n o identificaci\u00f3n de&nbsp;PROODOS&nbsp;TRAINING&nbsp;CENTER&nbsp;con las manifestaciones, contenidos o servicios provistos por estos Sitios Enlazados.\u202f<\/p>\n<p>Salvo que se indique expresamente lo contrario en este Sitio web,&nbsp;PROODOS&nbsp;TRAINING&nbsp;CENTER&nbsp;no conoce los contenidos y servicios de los Sitios Enlazados y, por tanto, no se hace responsable de los da\u00f1os que puedan producir la ilicitud, calidad,&nbsp;desactualizaci\u00f3n, indisponibilidad, error e inutilidad de los contenidos y\/o servicios de los Sitios Enlazados, incluyendo cualquier otro mal que no sea directamente imputable a&nbsp;PROODOS&nbsp;TRAINING&nbsp;CENTER.<\/p>\n<p><strong>Propiedad intelectual e industrial\u202f<\/strong><\/p>\n<p>Todos los contenidos del Sitio web, entendi\u00e9ndose por estos, a t\u00edtulo meramente enunciativo, los textos, documentos, fotograf\u00edas, gr\u00e1ficos, im\u00e1genes, iconos, tecnolog\u00eda, software, links y otros contenidos audiovisuales o sonoros, as\u00ed como su dise\u00f1o gr\u00e1fico y c\u00f3digo fuente, son propiedad intelectual de&nbsp;PROODOS&nbsp;TRAINING&nbsp;CENTER&nbsp;o debidamente licenciados por terceros, sin que pueda entenderse cedidos al Usuario ninguno de los derechos de explotaci\u00f3n reconocidos por la normativa vigente en materia de propiedad intelectual sobre estos.\u202f<\/p>\n<p>El Usuario deber\u00e1 estar legitimado en derecho como autor, autorizado o licenciatario para publicar fotograf\u00edas, im\u00e1genes, textos y\/o comentarios (en adelante, \u201clos Contenidos\u201d) en el Sitio web o que se env\u00eden a trav\u00e9s de este, garantizando que el uso de los mismos en el Sitio web no infringe los derechos de ning\u00fan tercero. Sobre estos Contenidos, el Usuario cede gratuitamente a&nbsp;PROODOS&nbsp;TRAINING&nbsp;CENTER&nbsp;los derechos de comunicaci\u00f3n p\u00fablica, reproducci\u00f3n, distribuci\u00f3n y transformaci\u00f3n, en todas las modalidades de explotaci\u00f3n existentes hasta la fecha de aceptaci\u00f3n de este Aviso legal. Esta cesi\u00f3n se efect\u00faa para el \u00e1mbito territorial universal y por el m\u00e1ximo tiempo legal hasta su paso al dominio p\u00fablico.\u202f<\/p>\n<p>Las marcas, nombres comerciales o signos distintivos publicados en el Sitio web son titularidad de&nbsp;PROODOS&nbsp;TRAINING&nbsp;CENTER&nbsp;o terceros, sin que pueda entenderse atribuido al Usuario derecho alguno sobre los mismos.\u202f<\/p>\n<p><strong>Nulidad e ineficacia de las cl\u00e1usulas\u202f<\/strong><\/p>\n<p>Si cualquier cl\u00e1usula incluida en este Aviso legal fuera declarada total o parcialmente nula o ineficaz, tal nulidad o ineficacia solo afectar\u00e1 esta disposici\u00f3n o a la parte de la misma que resulte nula o ineficaz, subsistiendo el Aviso legal en todo lo dem\u00e1s y consider\u00e1ndose tal disposici\u00f3n total o parcialmente por no incluida.\u202f<\/p>\n<p><strong>Redes Sociales, Blogs y Foros<\/strong><\/p>\n<p>PROODOS&nbsp;TRAINING&nbsp;CENTER&nbsp;informa que dispone de un perfil en las siguientes redes sociales: Facebook, Twitter, Instagram,&nbsp;Tik&nbsp;Tok,&nbsp;Youtube, Google+, Linkedin y&nbsp;Pinterest&nbsp;(en adelante referidas como la Red Social). Todas ellas han sido creadas con la finalidad principal de publicitar los servicios y productos de&nbsp;PROODOS&nbsp;TRAINING&nbsp;CENTER&nbsp;y permitir a los usuarios de la Red Social, que deben ser mayores de 14 a\u00f1os, compartir opiniones y hacer comentarios, compartir links, subir fotograf\u00edas, etc. para que est\u00e9n visibles en la Red Social.<\/p>\n<p>El usuario podr\u00e1 unirse a los grupos o perfiles que&nbsp;PROODOS&nbsp;TRAINING&nbsp;CENTER&nbsp;tenga en las diferentes redes sociales. El usuario que se haga seguidor de alguno de estos grupos o perfiles, mostrando as\u00ed inter\u00e9s en la informaci\u00f3n que se publicite en la red social, acepta las condiciones de uso y pol\u00edtica de privacidad de la red social correspondiente.<\/p>\n<p>Asimismo, los usuarios tienen la posibilidad de introducir contenidos en los blogs y foros de&nbsp;PROODOS&nbsp;TRAINING&nbsp;CENTER, a modo de comentarios. En todo caso la publicaci\u00f3n de contenidos estar\u00e1 sujeta a las presentes Condiciones generales de uso del sitio web y en particular a lo que se prev\u00e9 en este apartado.<\/p>\n<p>Los comentarios y contenidos publicados en la Red Social o en cualquier blog o foro de&nbsp;PROODOS&nbsp;TRAINING&nbsp;CENTER&nbsp;por parte de los usuarios pueden ser vistos por todos los usuarios y, en consecuencia, la cortes\u00eda y el buen gusto son obligatorios. La persona identificada, en cada caso, como la que ha remitido los contenidos ser\u00e1 la responsable de estos.<\/p>\n<p>Cada usuario es responsable de sus interacciones con las Redes Sociales y los blogs y foros de&nbsp;PROODOS&nbsp;TRAINING&nbsp;CENTER&nbsp;y en ning\u00fan caso las opiniones dadas por los usuarios de estas representar\u00e1n la opini\u00f3n de&nbsp;PROODOS&nbsp;TRAINING&nbsp;CENTER.<\/p>\n<p>PROODOS&nbsp;TRAINING&nbsp;CENTER&nbsp;se reserva el derecho a moderar y, llegado el caso, a suprimir sin previo aviso, aquellos contenidos que puedan ser inapropiados u ofensivos.<\/p>\n<p>PROODOS&nbsp;TRAINING&nbsp;CENTER&nbsp;no se responsabiliza de los v\u00eddeos, fotograf\u00edas y otro material que los usuarios compartan a trav\u00e9s de las herramientas habilitadas a este efecto por las Redes Sociales o en los blogs o foros de&nbsp;PROODOS&nbsp;TRAINING&nbsp;CENTER. Por ello, el usuario debe ser el leg\u00edtimo autor de las im\u00e1genes y v\u00eddeos que suba a la Red Social y\/o comparta en los blogs o foros de&nbsp;PROODOS&nbsp;TRAINING&nbsp;CENTER, y deber\u00e1 contar con la autorizaci\u00f3n de las personas que aparezcan en estas fotograf\u00edas o v\u00eddeos, si es el caso. Asimismo, el usuario suministrador de los contenidos cede a&nbsp;PROODOS&nbsp;TRAINING&nbsp;CENTER, en cualquier soporte, los derechos para su reproducci\u00f3n, uso, distribuci\u00f3n, comunicaci\u00f3n p\u00fablica o cualquier otro tipo de actividad sobre estos.<\/p>\n<p>Al hacerse seguidor de nuestras Redes Sociales el usuario est\u00e1 consintiendo:<\/p>\n<p>El tratamiento de sus datos personales en el entorno de la Red Social conforme a las pol\u00edticas de privacidad de&nbsp;PROODOS&nbsp;TRAINING&nbsp;CENTER.<\/p>\n<p>El acceso por parte de&nbsp;PROODOS&nbsp;TRAINING&nbsp;CENTER&nbsp;a la informaci\u00f3n p\u00fablica del perfil del usuario.<\/p>\n<p>Enviar mensajes individuales a trav\u00e9s de los canales de la Red Social.<\/p>\n<p>Recibir actualizaciones del estado de la p\u00e1gina de la Red Social de&nbsp;PROODOS&nbsp;TRAINING&nbsp;CENTER&nbsp;en el perfil del usuario.<\/p>\n<p>El usuario en todo momento podr\u00e1 dejar de ser seguidor y dejar de recibir los contenidos de la Red Social. Tambi\u00e9n podr\u00e1 modificar y restringir con qui\u00e9n comparte sus conexiones a trav\u00e9s de su configuraci\u00f3n de privacidad.<\/p>\n<p>Legislaci\u00f3n aplicable y jurisdicci\u00f3n competente\u202f<\/p>\n<p>Este Aviso legal se regir\u00e1 e interpretar\u00e1 conforme a la legislaci\u00f3n espa\u00f1ola. En caso de litigio entre&nbsp;PROODOS&nbsp;TRAINING&nbsp;CENTER&nbsp;y el usuario, ser\u00e1n competentes los juzgados y tribunales de la ciudad de Barcelona.<\/p>\n","protected":false},"excerpt":{"rendered":"<p>Este Aviso legal (en adelante, \u201cel Aviso legal\u201d), junto con la Pol\u00edtica de privacidad y cookies, rige el acceso y la utilizaci\u00f3n de este sitio web https:\/\/proodostraining.com (en adelante, \u201cel&hellip;<\/p>\n","protected":false},"author":7,"featured_media":0,"parent":0,"menu_order":0,"comment_status":"closed","ping_status":"closed","template":"","meta":{"footnotes":"","_links_to":"","_links_to_target":""},"class_list":["post-18355","page","type-page","status-publish","hentry"],"yoast_head":"<!-- This site is optimized with the Yoast SEO plugin v27.3 - https:\/\/yoast.com\/product\/yoast-seo-wordpress\/ -->\n<title>Aviso legal - Proodos training<\/title>\n<meta name=\"robots\" content=\"index, follow, max-snippet:-1, max-image-preview:large, max-video-preview:-1\" \/>\n<link rel=\"canonical\" href=\"https:\/\/proodostraining.com\/es\/aviso-legal\/\" \/>\n<meta property=\"og:locale\" content=\"es_ES\" \/>\n<meta property=\"og:type\" content=\"article\" \/>\n<meta property=\"og:title\" content=\"Aviso legal - Proodos training\" \/>\n<meta property=\"og:description\" content=\"Este Aviso legal (en adelante, \u201cel Aviso legal\u201d), junto con la Pol\u00edtica de privacidad y cookies, rige el acceso y la utilizaci\u00f3n de este sitio web https:\/\/proodostraining.com (en adelante, \u201cel&hellip;\" \/>\n<meta property=\"og:url\" content=\"https:\/\/proodostraining.com\/es\/aviso-legal\/\" \/>\n<meta property=\"og:site_name\" content=\"Proodos training\" \/>\n<meta property=\"article:modified_time\" content=\"2026-04-20T14:55:59+00:00\" \/>\n<meta name=\"twitter:card\" content=\"summary_large_image\" \/>\n<meta name=\"twitter:label1\" content=\"Tiempo de lectura\" \/>\n\t<meta name=\"twitter:data1\" content=\"9 minutos\" \/>\n<script type=\"application\/ld+json\" class=\"yoast-schema-graph\">{\"@context\":\"https:\\\/\\\/schema.org\",\"@graph\":[{\"@type\":\"WebPage\",\"@id\":\"https:\\\/\\\/proodostraining.com\\\/es\\\/aviso-legal\\\/\",\"url\":\"https:\\\/\\\/proodostraining.com\\\/es\\\/aviso-legal\\\/\",\"name\":\"Aviso legal - Proodos training\",\"isPartOf\":{\"@id\":\"https:\\\/\\\/proodostraining.com\\\/es\\\/#website\"},\"datePublished\":\"2025-04-30T10:52:21+00:00\",\"dateModified\":\"2026-04-20T14:55:59+00:00\",\"breadcrumb\":{\"@id\":\"https:\\\/\\\/proodostraining.com\\\/es\\\/aviso-legal\\\/#breadcrumb\"},\"inLanguage\":\"es\",\"potentialAction\":[{\"@type\":\"ReadAction\",\"target\":[\"https:\\\/\\\/proodostraining.com\\\/es\\\/aviso-legal\\\/\"]}]},{\"@type\":\"BreadcrumbList\",\"@id\":\"https:\\\/\\\/proodostraining.com\\\/es\\\/aviso-legal\\\/#breadcrumb\",\"itemListElement\":[{\"@type\":\"ListItem\",\"position\":1,\"name\":\"Portada\",\"item\":\"https:\\\/\\\/proodostraining.com\\\/es\\\/\"},{\"@type\":\"ListItem\",\"position\":2,\"name\":\"Aviso legal\"}]},{\"@type\":\"WebSite\",\"@id\":\"https:\\\/\\\/proodostraining.com\\\/es\\\/#website\",\"url\":\"https:\\\/\\\/proodostraining.com\\\/es\\\/\",\"name\":\"Proodos training\",\"description\":\"Centre d\u2019entrenament i salut integral\",\"publisher\":{\"@id\":\"https:\\\/\\\/proodostraining.com\\\/es\\\/#organization\"},\"potentialAction\":[{\"@type\":\"SearchAction\",\"target\":{\"@type\":\"EntryPoint\",\"urlTemplate\":\"https:\\\/\\\/proodostraining.com\\\/es\\\/?s={search_term_string}\"},\"query-input\":{\"@type\":\"PropertyValueSpecification\",\"valueRequired\":true,\"valueName\":\"search_term_string\"}}],\"inLanguage\":\"es\"},{\"@type\":\"Organization\",\"@id\":\"https:\\\/\\\/proodostraining.com\\\/es\\\/#organization\",\"name\":\"Proodos training\",\"url\":\"https:\\\/\\\/proodostraining.com\\\/es\\\/\",\"logo\":{\"@type\":\"ImageObject\",\"inLanguage\":\"es\",\"@id\":\"https:\\\/\\\/proodostraining.com\\\/es\\\/#\\\/schema\\\/logo\\\/image\\\/\",\"url\":\"https:\\\/\\\/proodostraining.com\\\/wp-content\\\/uploads\\\/2020\\\/12\\\/Prodoos_Sense_Fons-2.png\",\"contentUrl\":\"https:\\\/\\\/proodostraining.com\\\/wp-content\\\/uploads\\\/2020\\\/12\\\/Prodoos_Sense_Fons-2.png\",\"width\":1081,\"height\":1081,\"caption\":\"Proodos training\"},\"image\":{\"@id\":\"https:\\\/\\\/proodostraining.com\\\/es\\\/#\\\/schema\\\/logo\\\/image\\\/\"}}]}<\/script>\n<!-- \/ Yoast SEO plugin. -->","yoast_head_json":{"title":"Aviso legal - Proodos training","robots":{"index":"index","follow":"follow","max-snippet":"max-snippet:-1","max-image-preview":"max-image-preview:large","max-video-preview":"max-video-preview:-1"},"canonical":"https:\/\/proodostraining.com\/es\/aviso-legal\/","og_locale":"es_ES","og_type":"article","og_title":"Aviso legal - Proodos training","og_description":"Este Aviso legal (en adelante, \u201cel Aviso legal\u201d), junto con la Pol\u00edtica de privacidad y cookies, rige el acceso y la utilizaci\u00f3n de este sitio web https:\/\/proodostraining.com (en adelante, \u201cel&hellip;","og_url":"https:\/\/proodostraining.com\/es\/aviso-legal\/","og_site_name":"Proodos training","article_modified_time":"2026-04-20T14:55:59+00:00","twitter_card":"summary_large_image","twitter_misc":{"Tiempo de lectura":"9 minutos"},"schema":{"@context":"https:\/\/schema.org","@graph":[{"@type":"WebPage","@id":"https:\/\/proodostraining.com\/es\/aviso-legal\/","url":"https:\/\/proodostraining.com\/es\/aviso-legal\/","name":"Aviso legal - Proodos training","isPartOf":{"@id":"https:\/\/proodostraining.com\/es\/#website"},"datePublished":"2025-04-30T10:52:21+00:00","dateModified":"2026-04-20T14:55:59+00:00","breadcrumb":{"@id":"https:\/\/proodostraining.com\/es\/aviso-legal\/#breadcrumb"},"inLanguage":"es","potentialAction":[{"@type":"ReadAction","target":["https:\/\/proodostraining.com\/es\/aviso-legal\/"]}]},{"@type":"BreadcrumbList","@id":"https:\/\/proodostraining.com\/es\/aviso-legal\/#breadcrumb","itemListElement":[{"@type":"ListItem","position":1,"name":"Portada","item":"https:\/\/proodostraining.com\/es\/"},{"@type":"ListItem","position":2,"name":"Aviso legal"}]},{"@type":"WebSite","@id":"https:\/\/proodostraining.com\/es\/#website","url":"https:\/\/proodostraining.com\/es\/","name":"Proodos training","description":"Centre d\u2019entrenament i salut integral","publisher":{"@id":"https:\/\/proodostraining.com\/es\/#organization"},"potentialAction":[{"@type":"SearchAction","target":{"@type":"EntryPoint","urlTemplate":"https:\/\/proodostraining.com\/es\/?s={search_term_string}"},"query-input":{"@type":"PropertyValueSpecification","valueRequired":true,"valueName":"search_term_string"}}],"inLanguage":"es"},{"@type":"Organization","@id":"https:\/\/proodostraining.com\/es\/#organization","name":"Proodos training","url":"https:\/\/proodostraining.com\/es\/","logo":{"@type":"ImageObject","inLanguage":"es","@id":"https:\/\/proodostraining.com\/es\/#\/schema\/logo\/image\/","url":"https:\/\/proodostraining.com\/wp-content\/uploads\/2020\/12\/Prodoos_Sense_Fons-2.png","contentUrl":"https:\/\/proodostraining.com\/wp-content\/uploads\/2020\/12\/Prodoos_Sense_Fons-2.png","width":1081,"height":1081,"caption":"Proodos training"},"image":{"@id":"https:\/\/proodostraining.com\/es\/#\/schema\/logo\/image\/"}}]}},"_links":{"self":[{"href":"https:\/\/proodostraining.com\/es\/wp-json\/wp\/v2\/pages\/18355","targetHints":{"allow":["GET"]}}],"collection":[{"href":"https:\/\/proodostraining.com\/es\/wp-json\/wp\/v2\/pages"}],"about":[{"href":"https:\/\/proodostraining.com\/es\/wp-json\/wp\/v2\/types\/page"}],"author":[{"embeddable":true,"href":"https:\/\/proodostraining.com\/es\/wp-json\/wp\/v2\/users\/7"}],"replies":[{"embeddable":true,"href":"https:\/\/proodostraining.com\/es\/wp-json\/wp\/v2\/comments?post=18355"}],"version-history":[{"count":4,"href":"https:\/\/proodostraining.com\/es\/wp-json\/wp\/v2\/pages\/18355\/revisions"}],"predecessor-version":[{"id":18400,"href":"https:\/\/proodostraining.com\/es\/wp-json\/wp\/v2\/pages\/18355\/revisions\/18400"}],"wp:attachment":[{"href":"https:\/\/proodostraining.com\/es\/wp-json\/wp\/v2\/media?parent=18355"}],"curies":[{"name":"wp","href":"https:\/\/api.w.org\/{rel}","templated":true}]}}